{"id":1352,"date":"2024-10-11T14:57:13","date_gmt":"2024-10-11T14:57:13","guid":{"rendered":"https:\/\/avenida-a-coruna.ms2.decms.eu\/?page_id=1352"},"modified":"2024-10-21T15:20:29","modified_gmt":"2024-10-21T15:20:29","slug":"surroundings","status":"publish","type":"page","link":"https:\/\/www.hotelavenida.com\/en\/surroundings\/","title":{"rendered":"Surroundings"},"content":{"rendered":"<p style=\"text-align: center;\">The surroundings of Hotel Avenida in A Coru\u00f1a offer a vibrant <strong>combination of comfort and culture<\/strong>.<\/p>\n<p style=\"text-align: center;\">Located near the train and bus station, it allows easy access to the best beaches,<br \/>\nnearby villages and business areas.<\/p>\n<p style=\"text-align: center;\">In addition, its proximity to Avenida de la Marina,<br \/>\n<strong>Riazor beach and the historic center<\/strong> invites you to explore the charms of the city, from the Jardines de M\u00e9ndez N\u00fa\u00f1ez to the emblematic Plaza de Mar\u00eda Pita.<\/p>\n<p style=\"text-align: center;\"><strong>Enjoy tourist attractions, go shopping and explore natural parks.<\/strong><\/p>\n","protected":false},"excerpt":{"rendered":"<p>The surroundings of Hotel Avenida in A Coru\u00f1a offer a vibrant combination of comfort and culture. Located near the train and bus station, it allows easy access to the best beaches, nearby villages and business areas. In addition, its proximity to Avenida de la Marina, Riazor beach and the historic center invites you to explore [&hellip;]<\/p>\n","protected":false},"author":8,"featured_media":0,"parent":0,"menu_order":69,"comment_status":"closed","ping_status":"closed","template":"template-surroundings.php","meta":{"footnotes":""},"yoast_head":"<!-- This site is optimized with the Yoast SEO plugin v22.3 - https:\/\/yoast.com\/wordpress\/plugins\/seo\/ -->\n<title>SURROUNDINGS HOTEL AVENIDA A CORU\u00d1A<\/title>\n<meta name=\"description\" content=\"Discover the surroundings of the Hotel Avenida in A Coru\u00f1a, where comfort, culture and natural beauty blend for an unforgettable experience.\" \/>\n<meta name=\"robots\" content=\"index, follow, max-snippet:-1, max-image-preview:large, max-video-preview:-1\" \/>\n<link rel=\"canonical\" href=\"https:\/\/www.hotelavenida.com\/en\/surroundings\/\" \/>\n<meta property=\"og:locale\" content=\"en_US\" \/>\n<meta property=\"og:type\" content=\"article\" \/>\n<meta property=\"og:title\" content=\"SURROUNDINGS HOTEL AVENIDA A CORU\u00d1A\" \/>\n<meta property=\"og:description\" content=\"Discover the surroundings of the Hotel Avenida in A Coru\u00f1a, where comfort, culture and natural beauty blend for an unforgettable experience.\" \/>\n<meta property=\"og:url\" content=\"https:\/\/www.hotelavenida.com\/en\/surroundings\/\" \/>\n<meta property=\"og:site_name\" content=\"Hotel Avenida\" \/>\n<meta property=\"article:publisher\" content=\"https:\/\/www.facebook.com\/HOTELAVENIDAHOTEL\" \/>\n<meta property=\"article:modified_time\" content=\"2024-10-21T15:20:29+00:00\" \/>\n<meta name=\"twitter:card\" content=\"summary_large_image\" \/>\n<meta name=\"twitter:label1\" content=\"Est. reading time\" \/>\n\t<meta name=\"twitter:data1\" content=\"1 minute\" \/>\n<script type=\"application\/ld+json\" class=\"yoast-schema-graph\">{\"@context\":\"https:\/\/schema.org\",\"@graph\":[{\"@type\":\"WebPage\",\"@id\":\"https:\/\/www.hotelavenida.com\/en\/surroundings\/\",\"url\":\"https:\/\/www.hotelavenida.com\/en\/surroundings\/\",\"name\":\"SURROUNDINGS HOTEL AVENIDA A CORU\u00d1A\",\"isPartOf\":{\"@id\":\"https:\/\/www.hotelavenida.com\/en\/#website\"},\"datePublished\":\"2024-10-11T14:57:13+00:00\",\"dateModified\":\"2024-10-21T15:20:29+00:00\",\"description\":\"Discover the surroundings of the Hotel Avenida in A Coru\u00f1a, where comfort, culture and natural beauty blend for an unforgettable experience.\",\"breadcrumb\":{\"@id\":\"https:\/\/www.hotelavenida.com\/en\/surroundings\/#breadcrumb\"},\"inLanguage\":\"en-US\",\"potentialAction\":[{\"@type\":\"ReadAction\",\"target\":[\"https:\/\/www.hotelavenida.com\/en\/surroundings\/\"]}]},{\"@type\":\"BreadcrumbList\",\"@id\":\"https:\/\/www.hotelavenida.com\/en\/surroundings\/#breadcrumb\",\"itemListElement\":[{\"@type\":\"ListItem\",\"position\":1,\"name\":\"Home\",\"item\":\"https:\/\/www.hotelavenida.com\/en\/hotel-avenida-a-coruna\/\"},{\"@type\":\"ListItem\",\"position\":2,\"name\":\"Surroundings\"}]},{\"@type\":\"WebSite\",\"@id\":\"https:\/\/www.hotelavenida.com\/en\/#website\",\"url\":\"https:\/\/www.hotelavenida.com\/en\/\",\"name\":\"Hotel Avenida\",\"description\":\"\",\"publisher\":{\"@id\":\"https:\/\/www.hotelavenida.com\/en\/#organization\"},\"potentialAction\":[{\"@type\":\"SearchAction\",\"target\":{\"@type\":\"EntryPoint\",\"urlTemplate\":\"https:\/\/www.hotelavenida.com\/en\/?s={search_term_string}\"},\"query-input\":\"required name=search_term_string\"}],\"inLanguage\":\"en-US\"},{\"@type\":\"Organization\",\"@id\":\"https:\/\/www.hotelavenida.com\/en\/#organization\",\"name\":\"Hotel Avenida\",\"url\":\"https:\/\/www.hotelavenida.com\/en\/\",\"logo\":{\"@type\":\"ImageObject\",\"inLanguage\":\"en-US\",\"@id\":\"https:\/\/www.hotelavenida.com\/en\/#\/schema\/logo\/image\/\",\"url\":\"https:\/\/www.hotelavenida.com\/wp-content\/uploads\/sites\/151\/2024\/06\/Avenida_Hotel_BrandPack_16.png\",\"contentUrl\":\"https:\/\/www.hotelavenida.com\/wp-content\/uploads\/sites\/151\/2024\/06\/Avenida_Hotel_BrandPack_16.png\",\"width\":2481,\"height\":2481,\"caption\":\"Hotel Avenida\"},\"image\":{\"@id\":\"https:\/\/www.hotelavenida.com\/en\/#\/schema\/logo\/image\/\"},\"sameAs\":[\"https:\/\/www.facebook.com\/HOTELAVENIDAHOTEL\",\"https:\/\/www.instagram.com\/hotelavenidacoruna\/\"]}]}<\/script>\n<!-- \/ Yoast SEO plugin. -->","yoast_head_json":{"title":"SURROUNDINGS HOTEL AVENIDA A CORU\u00d1A","description":"Discover the surroundings of the Hotel Avenida in A Coru\u00f1a, where comfort, culture and natural beauty blend for an unforgettable experience.","robots":{"index":"index","follow":"follow","max-snippet":"max-snippet:-1","max-image-preview":"max-image-preview:large","max-video-preview":"max-video-preview:-1"},"canonical":"https:\/\/www.hotelavenida.com\/en\/surroundings\/","og_locale":"en_US","og_type":"article","og_title":"SURROUNDINGS HOTEL AVENIDA A CORU\u00d1A","og_description":"Discover the surroundings of the Hotel Avenida in A Coru\u00f1a, where comfort, culture and natural beauty blend for an unforgettable experience.","og_url":"https:\/\/www.hotelavenida.com\/en\/surroundings\/","og_site_name":"Hotel Avenida","article_publisher":"https:\/\/www.facebook.com\/HOTELAVENIDAHOTEL","article_modified_time":"2024-10-21T15:20:29+00:00","twitter_card":"summary_large_image","twitter_misc":{"Est. reading time":"1 minute"},"schema":{"@context":"https:\/\/schema.org","@graph":[{"@type":"WebPage","@id":"https:\/\/www.hotelavenida.com\/en\/surroundings\/","url":"https:\/\/www.hotelavenida.com\/en\/surroundings\/","name":"SURROUNDINGS HOTEL AVENIDA A CORU\u00d1A","isPartOf":{"@id":"https:\/\/www.hotelavenida.com\/en\/#website"},"datePublished":"2024-10-11T14:57:13+00:00","dateModified":"2024-10-21T15:20:29+00:00","description":"Discover the surroundings of the Hotel Avenida in A Coru\u00f1a, where comfort, culture and natural beauty blend for an unforgettable experience.","breadcrumb":{"@id":"https:\/\/www.hotelavenida.com\/en\/surroundings\/#breadcrumb"},"inLanguage":"en-US","potentialAction":[{"@type":"ReadAction","target":["https:\/\/www.hotelavenida.com\/en\/surroundings\/"]}]},{"@type":"BreadcrumbList","@id":"https:\/\/www.hotelavenida.com\/en\/surroundings\/#breadcrumb","itemListElement":[{"@type":"ListItem","position":1,"name":"Home","item":"https:\/\/www.hotelavenida.com\/en\/hotel-avenida-a-coruna\/"},{"@type":"ListItem","position":2,"name":"Surroundings"}]},{"@type":"WebSite","@id":"https:\/\/www.hotelavenida.com\/en\/#website","url":"https:\/\/www.hotelavenida.com\/en\/","name":"Hotel Avenida","description":"","publisher":{"@id":"https:\/\/www.hotelavenida.com\/en\/#organization"},"potentialAction":[{"@type":"SearchAction","target":{"@type":"EntryPoint","urlTemplate":"https:\/\/www.hotelavenida.com\/en\/?s={search_term_string}"},"query-input":"required name=search_term_string"}],"inLanguage":"en-US"},{"@type":"Organization","@id":"https:\/\/www.hotelavenida.com\/en\/#organization","name":"Hotel Avenida","url":"https:\/\/www.hotelavenida.com\/en\/","logo":{"@type":"ImageObject","inLanguage":"en-US","@id":"https:\/\/www.hotelavenida.com\/en\/#\/schema\/logo\/image\/","url":"https:\/\/www.hotelavenida.com\/wp-content\/uploads\/sites\/151\/2024\/06\/Avenida_Hotel_BrandPack_16.png","contentUrl":"https:\/\/www.hotelavenida.com\/wp-content\/uploads\/sites\/151\/2024\/06\/Avenida_Hotel_BrandPack_16.png","width":2481,"height":2481,"caption":"Hotel Avenida"},"image":{"@id":"https:\/\/www.hotelavenida.com\/en\/#\/schema\/logo\/image\/"},"sameAs":["https:\/\/www.facebook.com\/HOTELAVENIDAHOTEL","https:\/\/www.instagram.com\/hotelavenidacoruna\/"]}]}},"acf":[],"_links":{"self":[{"href":"https:\/\/www.hotelavenida.com\/en\/wp-json\/wp\/v2\/pages\/1352"}],"collection":[{"href":"https:\/\/www.hotelavenida.com\/en\/wp-json\/wp\/v2\/pages"}],"about":[{"href":"https:\/\/www.hotelavenida.com\/en\/wp-json\/wp\/v2\/types\/page"}],"author":[{"embeddable":true,"href":"https:\/\/www.hotelavenida.com\/en\/wp-json\/wp\/v2\/users\/8"}],"replies":[{"embeddable":true,"href":"https:\/\/www.hotelavenida.com\/en\/wp-json\/wp\/v2\/comments?post=1352"}],"version-history":[{"count":0,"href":"https:\/\/www.hotelavenida.com\/en\/wp-json\/wp\/v2\/pages\/1352\/revisions"}],"wp:attachment":[{"href":"https:\/\/www.hotelavenida.com\/en\/wp-json\/wp\/v2\/media?parent=1352"}],"curies":[{"name":"wp","href":"https:\/\/api.w.org\/{rel}","templated":true}]}}